{"id":102619,"date":"2024-04-17T15:07:24","date_gmt":"2024-04-17T14:07:24","guid":{"rendered":"https:\/\/clinicadrximenes.com.br\/?page_id=102619"},"modified":"2024-04-18T19:00:44","modified_gmt":"2024-04-18T18:00:44","slug":"nossa-historia","status":"publish","type":"page","link":"https:\/\/clinicadrximenes.com.br\/index.php\/nossa-historia\/","title":{"rendered":"Nossa Hist\u00f3ria"},"content":{"rendered":"<p>[et_pb_section fb_built=&#8221;1&#8243; admin_label=&#8221;Hero Section&#8221; _builder_version=&#8221;4.16&#8243; use_background_color_gradient=&#8221;on&#8221; background_color_gradient_direction=&#8221;105deg&#8221; background_color_gradient_stops=&#8221;#1bb3eb 0%|#25efcb 100%&#8221; background_color_gradient_start=&#8221;#1bb3eb&#8221; background_color_gradient_end=&#8221;#25efcb&#8221; custom_padding=&#8221;60px|0px|0px|0px||&#8221; global_colors_info=&#8221;{}&#8221;][et_pb_row _builder_version=&#8221;4.16&#8243; background_size=&#8221;initial&#8221; background_position=&#8221;top_left&#8221; background_repeat=&#8221;repeat&#8221; global_colors_info=&#8221;{}&#8221;][et_pb_column type=&#8221;4_4&#8243; _builder_version=&#8221;4.16&#8243; custom_padding=&#8221;|||&#8221; global_colors_info=&#8221;{}&#8221; custom_padding__hover=&#8221;|||&#8221;][et_pb_text _builder_version=&#8221;4.19.4&#8243; text_font=&#8221;Montserrat||||||||&#8221; text_text_color=&#8221;rgba(255,255,255,0.8)&#8221; text_font_size=&#8221;18px&#8221; text_line_height=&#8221;1.8em&#8221; header_font=&#8221;Montserrat|600|||||||&#8221; header_text_color=&#8221;#ffffff&#8221; header_font_size=&#8221;48px&#8221; header_line_height=&#8221;1.4em&#8221; header_3_font=&#8221;Poppins|600|||||||&#8221; header_3_font_size=&#8221;36px&#8221; header_3_line_height=&#8221;1.4em&#8221; background_layout=&#8221;dark&#8221; max_width=&#8221;600px&#8221; module_alignment=&#8221;left&#8221; custom_margin=&#8221;|||&#8221; hover_enabled=&#8221;0&#8243; locked=&#8221;off&#8221; global_colors_info=&#8221;{}&#8221; sticky_enabled=&#8221;0&#8243;]<\/p>\n<h1>Nossa Hist\u00f3ria<\/h1>\n<p>&nbsp;<\/p>\n<p>[\/et_pb_text][\/et_pb_column][\/et_pb_row][\/et_pb_section][et_pb_section fb_built=&#8221;1&#8243; admin_label=&#8221;About Us Section&#8221; _builder_version=&#8221;4.16&#8243; custom_padding=&#8221;34px|0px|110px|0px||&#8221; global_colors_info=&#8221;{}&#8221;][et_pb_row _builder_version=&#8221;4.16&#8243; global_colors_info=&#8221;{}&#8221;][et_pb_column type=&#8221;4_4&#8243; _builder_version=&#8221;4.16&#8243; global_colors_info=&#8221;{}&#8221;][et_pb_text _builder_version=&#8221;4.19.4&#8243; text_font=&#8221;Montserrat||||||||&#8221; text_font_size=&#8221;16px&#8221; text_line_height=&#8221;1.8em&#8221; hover_enabled=&#8221;0&#8243; global_colors_info=&#8221;{}&#8221; sticky_enabled=&#8221;0&#8243;]<\/p>\n<p>\u2022 No per\u00edodo entre 1998 e 2009, assumimos o servi\u00e7o de Doppler Vascular, no Hospital S\u00e3o Lucas.<\/p>\n<p>\u2022 No ano de 2000, adquirimos o primeiro aparelho de ultrassom port\u00e1til de Sergipe e o quarto do Brasil, com o objetivo de prestar assist\u00eancia aos pacientes com dificuldade de mobilidade, oriundos da emerg\u00eancia e internados no Hospital S\u00e3o Lucas.<\/p>\n<p>\u2022 Em 2010, aconteceu a transfer\u00eancia do servi\u00e7o , associado \u00e0 marca S\u00e3o Lucas e \u00e0 Cl\u00ednica Mente e C\u00e9rebro, de propriedade do Dr F\u00e1bio Leopoldino(neurologista ). Na \u00e9poca, a cl\u00ednica possu\u00eda apenas duas salas e uma recep\u00e7\u00e3o. <\/p>\n<p>\u2022 Em 2017, a cl\u00ednica conseguiu o primeiro conv\u00eanio &#8211; A Cassi &#8211; para relacionamento direto entre a cl\u00ednica , o paciente e a referida operadora. Ainda nesse mesmo ano, incorporamos o servi\u00e7o de ultrassom geral. <\/p>\n<p>\u2022 Em 2018, constru\u00edmos a terceira sala, onde ficou abrigado o servi\u00e7o de ultrassonografia geral, bem como a amplia\u00e7\u00e3o da recep\u00e7\u00e3o para melhor acomoda\u00e7\u00e3o dos pacientes.<\/p>\n<p>\u2022 Em 2019, finalizamos a negocia\u00e7\u00e3o para aquisi\u00e7\u00e3o da Cardiocl\u00ednica, incorporando novos exames da \u00e1rea- Ecocardiograma, ECG, MAPA, Holter, bem como de profissionais da \u00e1rea de Cardiologia.<\/p>\n<p>\u2022 Em 2023, fizemos nosso primeiro planejamento estrat\u00e9gico formal, com a inclus\u00e3o de metas de crescimento para o servi\u00e7o, gra\u00e7as ao reconhecimento da comunidade para com os servi\u00e7os prestados por toda a equipe da Cl\u00ednica Dr Roberto Ximenes. Iniciamos tamb\u00e9m, a prepara\u00e7\u00e3o para a certifica\u00e7\u00e3o da acredita\u00e7\u00e3o pela ONA, e assim, pretendemos continuar crescendo para atender \u00e0s necessidades da comunidade sergipana.<\/p>\n<p>[\/et_pb_text][\/et_pb_column][\/et_pb_row][et_pb_row column_structure=&#8221;1_3,1_3,1_3&#8243; _builder_version=&#8221;4.16&#8243; global_colors_info=&#8221;{}&#8221;][et_pb_column type=&#8221;1_3&#8243; _builder_version=&#8221;4.16&#8243; global_colors_info=&#8221;{}&#8221;][\/et_pb_column][et_pb_column type=&#8221;1_3&#8243; _builder_version=&#8221;4.16&#8243; global_colors_info=&#8221;{}&#8221;][et_pb_button button_url=&#8221;https:\/\/clinicadrximenes.com.br\/&#8221; button_text=&#8221;VOLTAR&#8221; button_alignment=&#8221;center&#8221; _builder_version=&#8221;4.16&#8243; custom_button=&#8221;on&#8221; button_text_size=&#8221;16px&#8221; global_colors_info=&#8221;{}&#8221;][\/et_pb_button][\/et_pb_column][et_pb_column type=&#8221;1_3&#8243; _builder_version=&#8221;4.16&#8243; global_colors_info=&#8221;{}&#8221;][\/et_pb_column][\/et_pb_row][\/et_pb_section]<\/p>\n","protected":false},"excerpt":{"rendered":"<p>Nossa Hist\u00f3ria &nbsp;\u2022 No per\u00edodo entre 1998 e 2009, assumimos o servi\u00e7o de Doppler Vascular, no Hospital S\u00e3o Lucas. \u2022 No ano de 2000, adquirimos o primeiro aparelho de ultrassom port\u00e1til de Sergipe e o quarto do Brasil, com o objetivo de prestar assist\u00eancia aos pacientes com dificuldade de mobilidade, oriundos da emerg\u00eancia e internados [&hellip;]<\/p>\n","protected":false},"author":1,"featured_media":0,"parent":0,"menu_order":0,"comment_status":"closed","ping_status":"closed","template":"","meta":{"_et_pb_use_builder":"on","_et_pb_old_content":"[et_pb_section fb_built=\"1\" admin_label=\"Hero Section\" _builder_version=\"4.16\" use_background_color_gradient=\"on\" background_color_gradient_direction=\"105deg\" background_color_gradient_stops=\"#1bb3eb 0%|#25efcb 100%\" background_color_gradient_start=\"#1bb3eb\" background_color_gradient_end=\"#25efcb\" custom_padding=\"60px|0px|0px|0px||\" global_colors_info=\"{}\"][et_pb_row _builder_version=\"4.16\" background_size=\"initial\" background_position=\"top_left\" background_repeat=\"repeat\" global_colors_info=\"{}\"][et_pb_column type=\"4_4\" _builder_version=\"4.16\" custom_padding=\"|||\" global_colors_info=\"{}\" custom_padding__hover=\"|||\"][et_pb_text _builder_version=\"4.16\" text_font=\"Montserrat||||||||\" text_text_color=\"rgba(255,255,255,0.8)\" text_font_size=\"18px\" text_line_height=\"1.8em\" header_font=\"Montserrat|600|||||||\" header_text_color=\"#ffffff\" header_font_size=\"48px\" header_line_height=\"1.4em\" header_3_font=\"Poppins|600|||||||\" header_3_font_size=\"36px\" header_3_line_height=\"1.4em\" background_layout=\"dark\" max_width=\"600px\" module_alignment=\"left\" custom_margin=\"|||\" locked=\"off\" global_colors_info=\"{}\"]<h1>Servi\u00e7os<\/h1>\r\n<p>\u00a0<\/p>[\/et_pb_text][\/et_pb_column][\/et_pb_row][\/et_pb_section][et_pb_section fb_built=\"1\" admin_label=\"About Us Section\" _builder_version=\"4.16\" custom_padding=\"34px|0px|110px|0px||\" global_colors_info=\"{}\"][et_pb_row _builder_version=\"4.16\" global_colors_info=\"{}\"][et_pb_column type=\"4_4\" _builder_version=\"4.16\" global_colors_info=\"{}\"][et_pb_text _builder_version=\"4.16\" text_font=\"Montserrat||||||||\" text_font_size=\"16px\" text_line_height=\"1.8em\" global_colors_info=\"{}\"]<p>\u2022 Scan Duplex<br \/> \u2022 Doppler<br \/> \u2022 Ultrassonografia Geral<br \/> \u2022 Ultrassonografia 4D<br \/> \u2022 Elastografia Hep\u00e1tica<br \/> \u2022 Angiologia\/Vascular<br \/> \u2022 Consultas<\/p>[\/et_pb_text][\/et_pb_column][\/et_pb_row][et_pb_row column_structure=\"1_2,1_2\" _builder_version=\"4.16\" global_colors_info=\"{}\"][et_pb_column type=\"1_2\" _builder_version=\"4.16\" global_colors_info=\"{}\"][et_pb_text _builder_version=\"4.16\" text_font=\"Montserrat|700|||||||\" text_font_size=\"20px\" text_line_height=\"1.8em\" global_colors_info=\"{}\"]<p><span>Possu\u00edmos exames para os seguintes quadros cl\u00ednicos:<\/span><\/p>[\/et_pb_text][et_pb_text _builder_version=\"4.16\" text_font=\"Montserrat||||||||\" text_font_size=\"16px\" text_line_height=\"1.8em\" global_colors_info=\"{}\"]<ul>\r\n<li>\r\n<div>\r\n<div><span>Varizes de membros inferiores \u2013 Insufici\u00eancia Venosa<\/span><\/div>\r\n<p><span>\u00a0<\/span><span>\u00a0<\/span><\/div>\r\n<\/li>\r\n<li>\r\n<div>\r\n<div><span>Doen\u00e7a arterial perif\u00e9rica \u2013 Doen\u00e7a Ateroscler\u00f3tica<\/span><\/div>\r\n<p><span>\u00a0<\/span><\/div>\r\n<\/li>\r\n<li>\r\n<div>\r\n<div><span>Doen\u00e7a Carot\u00eddea \u2013 Acidente Vascular Cerebral<\/span><\/div>\r\n<p><span>\u00a0<\/span><span>\u00a0<\/span><\/div>\r\n<\/li>\r\n<li>\r\n<div>\r\n<div><span>Aneurisma da Aorta Abdominal<\/span><\/div>\r\n<p><span>\u00a0<\/span><span>\u00a0<\/span><\/div>\r\n<\/li>\r\n<li>\r\n<div>\r\n<div><span>Trombose Venosa<\/span><\/div>\r\n<p><span>\u00a0<\/span><span>\u00a0<\/span><\/div>\r\n<\/li>\r\n<\/ul>[\/et_pb_text][\/et_pb_column][et_pb_column type=\"1_2\" _builder_version=\"4.16\" global_colors_info=\"{}\"][et_pb_text _builder_version=\"4.16\" text_font=\"Montserrat|700|||||||\" text_font_size=\"20px\" text_line_height=\"1.8em\" global_colors_info=\"{}\"]<p><span>Cardiologia:<\/span><\/p>[\/et_pb_text][et_pb_text _builder_version=\"4.16\" text_font=\"Montserrat||||||||\" text_font_size=\"16px\" text_line_height=\"1.8em\" global_colors_info=\"{}\"]<ul>\r\n<li>Ecodopplercardiograma<\/li>\r\n<li>Mapa<\/li>\r\n<li>Holter<\/li>\r\n<li>ECG<\/li>\r\n<\/ul>[\/et_pb_text][\/et_pb_column][\/et_pb_row][et_pb_row _builder_version=\"4.16\" global_colors_info=\"{}\"][et_pb_column type=\"4_4\" _builder_version=\"4.16\" global_colors_info=\"{}\"][et_pb_text _builder_version=\"4.16\" text_font=\"Montserrat|700|||||||\" text_font_size=\"20px\" text_line_height=\"1.8em\" global_colors_info=\"{}\"]Conv\u00eanios que aceitamos[\/et_pb_text][et_pb_text admin_label=\"Text\" _builder_version=\"4.19.4\" text_font=\"Montserrat||||||||\" text_line_height=\"1.8em\" custom_margin=\"-19px|||||\" hover_enabled=\"0\" global_colors_info=\"{}\" sticky_enabled=\"0\"]<p>\u2022 ASSEC (CEHOP) \u2022 ASSEFAZ \u2022 BRADESCO \u2022 CAPESESP \u2022 CASEC\/CODEVASF \u2022 CASSES\u00a0 \u2022 CASSI \u2022 CASSIND \u2022 COHIDRO \u2022 DESO \u2022 FUSEX \u2022 GEAP \u2022 IPES \u2022 PETROBRAS \u2022 UNIMED<\/p>[\/et_pb_text][\/et_pb_column][\/et_pb_row][et_pb_row column_structure=\"1_3,1_3,1_3\" _builder_version=\"4.16\" global_colors_info=\"{}\"][et_pb_column type=\"1_3\" _builder_version=\"4.16\" global_colors_info=\"{}\"][\/et_pb_column][et_pb_column type=\"1_3\" _builder_version=\"4.16\" global_colors_info=\"{}\"][et_pb_button button_url=\"https:\/\/clinicadrximenes.com.br\/\" button_text=\"VOLTAR\" button_alignment=\"center\" _builder_version=\"4.16\" custom_button=\"on\" button_text_size=\"16px\" global_colors_info=\"{}\"][\/et_pb_button][\/et_pb_column][et_pb_column type=\"1_3\" _builder_version=\"4.16\" global_colors_info=\"{}\"][\/et_pb_column][\/et_pb_row][\/et_pb_section]","_et_gb_content_width":"","footnotes":""},"class_list":["post-102619","page","type-page","status-publish","hentry"],"_links":{"self":[{"href":"https:\/\/clinicadrximenes.com.br\/index.php\/wp-json\/wp\/v2\/pages\/102619","targetHints":{"allow":["GET"]}}],"collection":[{"href":"https:\/\/clinicadrximenes.com.br\/index.php\/wp-json\/wp\/v2\/pages"}],"about":[{"href":"https:\/\/clinicadrximenes.com.br\/index.php\/wp-json\/wp\/v2\/types\/page"}],"author":[{"embeddable":true,"href":"https:\/\/clinicadrximenes.com.br\/index.php\/wp-json\/wp\/v2\/users\/1"}],"replies":[{"embeddable":true,"href":"https:\/\/clinicadrximenes.com.br\/index.php\/wp-json\/wp\/v2\/comments?post=102619"}],"version-history":[{"count":4,"href":"https:\/\/clinicadrximenes.com.br\/index.php\/wp-json\/wp\/v2\/pages\/102619\/revisions"}],"predecessor-version":[{"id":102686,"href":"https:\/\/clinicadrximenes.com.br\/index.php\/wp-json\/wp\/v2\/pages\/102619\/revisions\/102686"}],"wp:attachment":[{"href":"https:\/\/clinicadrximenes.com.br\/index.php\/wp-json\/wp\/v2\/media?parent=102619"}],"curies":[{"name":"wp","href":"https:\/\/api.w.org\/{rel}","templated":true}]}}