{"id":102687,"date":"2024-04-25T13:36:33","date_gmt":"2024-04-25T12:36:33","guid":{"rendered":"https:\/\/clinicadrximenes.com.br\/?page_id=102687"},"modified":"2024-04-26T12:33:32","modified_gmt":"2024-04-26T11:33:32","slug":"equipe","status":"publish","type":"page","link":"https:\/\/clinicadrximenes.com.br\/index.php\/equipe\/","title":{"rendered":"Equipe"},"content":{"rendered":"<p>[et_pb_section fb_built=&#8221;1&#8243; admin_label=&#8221;Hero Section&#8221; _builder_version=&#8221;4.16&#8243; use_background_color_gradient=&#8221;on&#8221; background_color_gradient_direction=&#8221;105deg&#8221; background_color_gradient_stops=&#8221;#1bb3eb 0%|#25efcb 100%&#8221; background_color_gradient_start=&#8221;#1bb3eb&#8221; background_color_gradient_end=&#8221;#25efcb&#8221; custom_padding=&#8221;60px|0px|0px|0px||&#8221; global_colors_info=&#8221;{}&#8221;][et_pb_row _builder_version=&#8221;4.16&#8243; background_size=&#8221;initial&#8221; background_position=&#8221;top_left&#8221; background_repeat=&#8221;repeat&#8221; global_colors_info=&#8221;{}&#8221;][et_pb_column type=&#8221;4_4&#8243; _builder_version=&#8221;4.16&#8243; custom_padding=&#8221;|||&#8221; global_colors_info=&#8221;{}&#8221; custom_padding__hover=&#8221;|||&#8221;][et_pb_text _builder_version=&#8221;4.19.4&#8243; text_font=&#8221;Montserrat||||||||&#8221; text_text_color=&#8221;rgba(255,255,255,0.8)&#8221; text_font_size=&#8221;18px&#8221; text_line_height=&#8221;1.8em&#8221; header_font=&#8221;Montserrat|600|||||||&#8221; header_text_color=&#8221;#ffffff&#8221; header_font_size=&#8221;48px&#8221; header_line_height=&#8221;1.4em&#8221; header_3_font=&#8221;Poppins|600|||||||&#8221; header_3_font_size=&#8221;36px&#8221; header_3_line_height=&#8221;1.4em&#8221; background_layout=&#8221;dark&#8221; max_width=&#8221;600px&#8221; module_alignment=&#8221;left&#8221; custom_margin=&#8221;|||&#8221; locked=&#8221;off&#8221; global_colors_info=&#8221;{}&#8221;]<\/p>\n<h1>Nossa Equipe<\/h1>\n<p>&nbsp;<\/p>\n<p>[\/et_pb_text][\/et_pb_column][\/et_pb_row][\/et_pb_section][et_pb_section fb_built=&#8221;1&#8243; admin_label=&#8221;About Us Section&#8221; _builder_version=&#8221;4.16&#8243; custom_padding=&#8221;34px|0px|110px|0px||&#8221; global_colors_info=&#8221;{}&#8221;][et_pb_row disabled_on=&#8221;on|on|on&#8221; _builder_version=&#8221;4.19.4&#8243; disabled=&#8221;on&#8221; global_colors_info=&#8221;{}&#8221;][et_pb_column type=&#8221;4_4&#8243; _builder_version=&#8221;4.16&#8243; global_colors_info=&#8221;{}&#8221;][et_pb_text _builder_version=&#8221;4.19.4&#8243; text_font=&#8221;Montserrat||||||||&#8221; text_font_size=&#8221;16px&#8221; text_line_height=&#8221;1.8em&#8221; global_colors_info=&#8221;{}&#8221;]<\/p>\n<p>\u2022 No per\u00edodo entre 1998 e 2009, assumimos o servi\u00e7o de Doppler Vascular, no Hospital S\u00e3o Lucas.<\/p>\n<p>\u2022 No ano de 2000, adquirimos o primeiro aparelho de ultrassom port\u00e1til de Sergipe e o quarto do Brasil, com o objetivo de prestar assist\u00eancia aos pacientes com dificuldade de mobilidade, oriundos da emerg\u00eancia e internados no Hospital S\u00e3o Lucas.<\/p>\n<p>\u2022 Em 2010, aconteceu a transfer\u00eancia do servi\u00e7o , associado \u00e0 marca S\u00e3o Lucas e \u00e0 Cl\u00ednica Mente e C\u00e9rebro, de propriedade do Dr F\u00e1bio Leopoldino(neurologista ). Na \u00e9poca, a cl\u00ednica possu\u00eda apenas duas salas e uma recep\u00e7\u00e3o. <\/p>\n<p>\u2022 Em 2017, a cl\u00ednica conseguiu o primeiro conv\u00eanio &#8211; A Cassi &#8211; para relacionamento direto entre a cl\u00ednica , o paciente e a referida operadora. Ainda nesse mesmo ano, incorporamos o servi\u00e7o de ultrassom geral. <\/p>\n<p>\u2022 Em 2018, constru\u00edmos a terceira sala, onde ficou abrigado o servi\u00e7o de ultrassonografia geral, bem como a amplia\u00e7\u00e3o da recep\u00e7\u00e3o para melhor acomoda\u00e7\u00e3o dos pacientes.<\/p>\n<p>\u2022 Em 2019, finalizamos a negocia\u00e7\u00e3o para aquisi\u00e7\u00e3o da Cardiocl\u00ednica, incorporando novos exames da \u00e1rea- Ecocardiograma, ECG, MAPA, Holter, bem como de profissionais da \u00e1rea de Cardiologia.<\/p>\n<p>\u2022 Em 2023, fizemos nosso primeiro planejamento estrat\u00e9gico formal, com a inclus\u00e3o de metas de crescimento para o servi\u00e7o, gra\u00e7as ao reconhecimento da comunidade para com os servi\u00e7os prestados por toda a equipe da Cl\u00ednica Dr Roberto Ximenes. Iniciamos tamb\u00e9m, a prepara\u00e7\u00e3o para a certifica\u00e7\u00e3o da acredita\u00e7\u00e3o pela ONA, e assim, pretendemos continuar crescendo para atender \u00e0s necessidades da comunidade sergipana.<\/p>\n<p>[\/et_pb_text][\/et_pb_column][\/et_pb_row][et_pb_row column_structure=&#8221;1_3,1_3,1_3&#8243; _builder_version=&#8221;4.16&#8243; global_colors_info=&#8221;{}&#8221;][et_pb_column type=&#8221;1_3&#8243; _builder_version=&#8221;4.16&#8243; global_colors_info=&#8221;{}&#8221;][et_pb_text _builder_version=&#8221;4.19.4&#8243; text_font=&#8221;Montserrat||||||||&#8221; text_font_size=&#8221;16px&#8221; text_line_height=&#8221;1.8em&#8221; custom_margin=&#8221;6px|6px|6px|6px|true|true&#8221; custom_padding=&#8221;10px|10px|10px|10px|true|true&#8221; border_color_all=&#8221;#0C71C3&#8243; global_colors_info=&#8221;{}&#8221;]<\/p>\n<h4 style=\"text-align: center;\"><strong>DR. ROBERTO XIMENES FILHO<\/strong><\/h4>\n<h5 style=\"text-align: center;\">Angiologista<\/h5>\n<p style=\"text-align: center;\"><strong>CRM 1816<\/strong><\/p>\n<p>[\/et_pb_text][\/et_pb_column][et_pb_column type=&#8221;1_3&#8243; _builder_version=&#8221;4.16&#8243; global_colors_info=&#8221;{}&#8221;][et_pb_text _builder_version=&#8221;4.19.4&#8243; text_font=&#8221;Montserrat||||||||&#8221; text_font_size=&#8221;16px&#8221; text_line_height=&#8221;1.8em&#8221; custom_margin=&#8221;6px|6px|6px|6px|true|true&#8221; custom_padding=&#8221;10px|10px|10px|10px|true|true&#8221; hover_enabled=&#8221;0&#8243; border_color_all=&#8221;#0C71C3&#8243; global_colors_info=&#8221;{}&#8221; sticky_enabled=&#8221;0&#8243;]<\/p>\n<h4 style=\"text-align: center;\"><strong>DRA. M\u00d4NICA DE SOUZA VISNIEWSKI XIMENES<\/strong><\/h4>\n<h5 style=\"text-align: center;\">Ultrassonografia obst\u00e9trica\/fetal, Ultrassonografia Geral, Elastografia<\/h5>\n<p style=\"text-align: center;\"><strong>CRM 2240<\/strong><\/p>\n<p>[\/et_pb_text][\/et_pb_column][et_pb_column type=&#8221;1_3&#8243; _builder_version=&#8221;4.16&#8243; global_colors_info=&#8221;{}&#8221;][et_pb_text _builder_version=&#8221;4.19.4&#8243; text_font=&#8221;Montserrat||||||||&#8221; text_font_size=&#8221;16px&#8221; text_line_height=&#8221;1.8em&#8221; custom_margin=&#8221;6px|6px|6px|6px|true|true&#8221; custom_padding=&#8221;10px|10px|10px|10px|true|true&#8221; border_color_all=&#8221;#0C71C3&#8243; global_colors_info=&#8221;{}&#8221;]<\/p>\n<h4 style=\"text-align: center;\"><strong>DR. JOS\u00c9 ANANIAS SOARES GUERRA<br \/><\/strong><\/h4>\n<h5 style=\"text-align: center;\">Cardiologista especializado em Ecodopplercardiograma<\/h5>\n<p style=\"text-align: center;\"><strong style=\"text-align: center;\">CRM 1816<\/strong><\/p>\n<p>[\/et_pb_text][\/et_pb_column][\/et_pb_row][et_pb_row column_structure=&#8221;1_3,1_3,1_3&#8243; _builder_version=&#8221;4.16&#8243; global_colors_info=&#8221;{}&#8221;][et_pb_column type=&#8221;1_3&#8243; _builder_version=&#8221;4.16&#8243; global_colors_info=&#8221;{}&#8221;][et_pb_text _builder_version=&#8221;4.19.4&#8243; text_font=&#8221;Montserrat||||||||&#8221; text_font_size=&#8221;16px&#8221; text_line_height=&#8221;1.8em&#8221; custom_margin=&#8221;6px|6px|6px|6px|true|true&#8221; custom_padding=&#8221;10px|10px|10px|10px|true|true&#8221; border_color_all=&#8221;#0C71C3&#8243; global_colors_info=&#8221;{}&#8221;]<\/p>\n<h4 style=\"text-align: center;\"><strong>DR. S\u00c9RGIO COSTA TAVARES FILHO<\/strong><\/h4>\n<h5 style=\"text-align: center;\">Cardiologista especializado em cardiologia intervencionista<\/h5>\n<p style=\"text-align: center;\"><strong>CRM 2699<\/strong><\/p>\n<p>[\/et_pb_text][\/et_pb_column][et_pb_column type=&#8221;1_3&#8243; _builder_version=&#8221;4.16&#8243; global_colors_info=&#8221;{}&#8221;][et_pb_text _builder_version=&#8221;4.19.4&#8243; text_font=&#8221;Montserrat||||||||&#8221; text_font_size=&#8221;16px&#8221; text_line_height=&#8221;1.8em&#8221; custom_margin=&#8221;6px|6px|6px|6px|true|true&#8221; custom_padding=&#8221;10px|10px|10px|10px|true|true&#8221; border_color_all=&#8221;#0C71C3&#8243; global_colors_info=&#8221;{}&#8221;]<\/p>\n<h4 style=\"text-align: center;\"><strong>DR. GUSTAVO PORTO OLIVEIRA<br \/><\/strong><\/h4>\n<h5 style=\"text-align: center;\">Cardiologista especializado em Ecodopplercardiograma<\/h5>\n<p style=\"text-align: center;\"><strong>CRM 3304<\/strong><\/p>\n<p>[\/et_pb_text][\/et_pb_column][et_pb_column type=&#8221;1_3&#8243; _builder_version=&#8221;4.16&#8243; global_colors_info=&#8221;{}&#8221;][et_pb_text _builder_version=&#8221;4.19.4&#8243; text_font=&#8221;Montserrat||||||||&#8221; text_font_size=&#8221;16px&#8221; text_line_height=&#8221;1.8em&#8221; custom_margin=&#8221;6px|6px|6px|6px|true|true&#8221; custom_padding=&#8221;10px|10px|10px|10px|true|true&#8221; border_color_all=&#8221;#0C71C3&#8243; global_colors_info=&#8221;{}&#8221;]<\/p>\n<h4 style=\"text-align: center;\"><strong>DR. LUIZ ANDR\u00c9 SILVA ALMEIDA<br \/><\/strong><\/h4>\n<h5 style=\"text-align: center;\">Cardiologista<\/h5>\n<p style=\"text-align: center;\"><strong>CRM 2179<\/strong><\/p>\n<p>[\/et_pb_text][\/et_pb_column][\/et_pb_row][et_pb_row column_structure=&#8221;1_3,1_3,1_3&#8243; _builder_version=&#8221;4.16&#8243; global_colors_info=&#8221;{}&#8221;][et_pb_column type=&#8221;1_3&#8243; _builder_version=&#8221;4.16&#8243; global_colors_info=&#8221;{}&#8221;][et_pb_text _builder_version=&#8221;4.19.4&#8243; text_font=&#8221;Montserrat||||||||&#8221; text_font_size=&#8221;16px&#8221; text_line_height=&#8221;1.8em&#8221; custom_margin=&#8221;6px|6px|6px|6px|true|true&#8221; custom_padding=&#8221;10px|10px|10px|10px|true|true&#8221; border_color_all=&#8221;#0C71C3&#8243; global_colors_info=&#8221;{}&#8221;]<\/p>\n<h4 style=\"text-align: center;\"><strong>DR. L\u00c9O FARO DE BARROS<\/strong><\/h4>\n<h5 style=\"text-align: center;\">Ultrassonografista em Geral<\/h5>\n<p style=\"text-align: center;\"><strong>CRM 5671<\/strong><\/p>\n<p>[\/et_pb_text][\/et_pb_column][et_pb_column type=&#8221;1_3&#8243; _builder_version=&#8221;4.16&#8243; global_colors_info=&#8221;{}&#8221;][et_pb_text _builder_version=&#8221;4.19.4&#8243; text_font=&#8221;Montserrat||||||||&#8221; text_font_size=&#8221;16px&#8221; text_line_height=&#8221;1.8em&#8221; custom_margin=&#8221;6px|6px|6px|6px|true|true&#8221; custom_padding=&#8221;10px|10px|10px|10px|true|true&#8221; border_color_all=&#8221;#0C71C3&#8243; global_colors_info=&#8221;{}&#8221;]<\/p>\n<h4 style=\"text-align: center;\"><strong>DR. THIAGO DE MENDON\u00c7A LOPES<br \/><\/strong><\/h4>\n<h5 style=\"text-align: center;\">Cardiologista especializado em cardiologia intervencionista<\/h5>\n<p style=\"text-align: center;\"><strong>CRM 2840<\/strong><\/p>\n<p>[\/et_pb_text][\/et_pb_column][et_pb_column type=&#8221;1_3&#8243; _builder_version=&#8221;4.16&#8243; global_colors_info=&#8221;{}&#8221;][et_pb_text _builder_version=&#8221;4.19.4&#8243; text_font=&#8221;Montserrat||||||||&#8221; text_font_size=&#8221;16px&#8221; text_line_height=&#8221;1.8em&#8221; custom_margin=&#8221;6px|6px|6px|6px|true|true&#8221; custom_padding=&#8221;10px|10px|10px|10px|true|true&#8221; border_color_all=&#8221;#0C71C3&#8243; global_colors_info=&#8221;{}&#8221;]<\/p>\n<h4 style=\"text-align: center;\"><strong>DRA. ROBERTA VISNIEWSKI XIMENES<br \/><\/strong><\/h4>\n<h5 style=\"text-align: center;\">Cl\u00ednica Geral<\/h5>\n<p style=\"text-align: center;\"><strong>CRM 7963<\/strong><\/p>\n<p>[\/et_pb_text][\/et_pb_column][\/et_pb_row][et_pb_row column_structure=&#8221;1_3,1_3,1_3&#8243; _builder_version=&#8221;4.16&#8243; global_colors_info=&#8221;{}&#8221;][et_pb_column type=&#8221;1_3&#8243; _builder_version=&#8221;4.16&#8243; global_colors_info=&#8221;{}&#8221;][et_pb_text _builder_version=&#8221;4.19.4&#8243; text_font=&#8221;Montserrat||||||||&#8221; text_font_size=&#8221;16px&#8221; text_line_height=&#8221;1.8em&#8221; custom_margin=&#8221;6px|6px|6px|6px|true|true&#8221; custom_padding=&#8221;10px|10px|10px|10px|true|true&#8221; border_color_all=&#8221;#0C71C3&#8243; global_colors_info=&#8221;{}&#8221;]<\/p>\n<h4 style=\"text-align: center;\"><strong>DRA. AUREA REGINA TEIXEIRA ANDRADE<br \/><\/strong><\/h4>\n<h5 style=\"text-align: center;\">Angiologista<\/h5>\n<p style=\"text-align: center;\"><strong>CRM 1429<\/strong><\/p>\n<p>[\/et_pb_text][\/et_pb_column][et_pb_column type=&#8221;1_3&#8243; _builder_version=&#8221;4.16&#8243; global_colors_info=&#8221;{}&#8221;][et_pb_text _builder_version=&#8221;4.19.4&#8243; text_font=&#8221;Montserrat||||||||&#8221; text_font_size=&#8221;16px&#8221; text_line_height=&#8221;1.8em&#8221; custom_margin=&#8221;6px|6px|6px|6px|true|true&#8221; custom_padding=&#8221;10px|10px|10px|10px|true|true&#8221; border_color_all=&#8221;#0C71C3&#8243; global_colors_info=&#8221;{}&#8221;]<\/p>\n<h4 style=\"text-align: center;\"><strong>DR. JO\u00c3O BATISTA PRUDENTE CHAVES JR<br \/><\/strong><\/h4>\n<h5 style=\"text-align: center;\">Angiologista<\/h5>\n<p style=\"text-align: center;\"><strong>CRM 4715<\/strong><\/p>\n<p>[\/et_pb_text][\/et_pb_column][et_pb_column type=&#8221;1_3&#8243; _builder_version=&#8221;4.16&#8243; global_colors_info=&#8221;{}&#8221;][et_pb_text _builder_version=&#8221;4.19.4&#8243; text_font=&#8221;Montserrat||||||||&#8221; text_font_size=&#8221;16px&#8221; text_line_height=&#8221;1.8em&#8221; custom_margin=&#8221;6px|6px|6px|6px|true|true&#8221; custom_padding=&#8221;10px|10px|10px|10px|true|true&#8221; border_color_all=&#8221;#0C71C3&#8243; global_colors_info=&#8221;{}&#8221;]<\/p>\n<h4 style=\"text-align: center;\"><strong>DR. CARLOS LUCIANO S. COSTA<br \/><\/strong><\/h4>\n<h5 style=\"text-align: center;\">Ultrassonografista em Geral<\/h5>\n<p style=\"text-align: center;\"><strong>CRM 2073<\/strong><\/p>\n<p>[\/et_pb_text][\/et_pb_column][\/et_pb_row][et_pb_row column_structure=&#8221;1_3,1_3,1_3&#8243; _builder_version=&#8221;4.16&#8243; global_colors_info=&#8221;{}&#8221;][et_pb_column type=&#8221;1_3&#8243; _builder_version=&#8221;4.16&#8243; global_colors_info=&#8221;{}&#8221;][et_pb_text _builder_version=&#8221;4.19.4&#8243; text_font=&#8221;Montserrat||||||||&#8221; text_font_size=&#8221;16px&#8221; text_line_height=&#8221;1.8em&#8221; custom_margin=&#8221;6px|6px|6px|6px|true|true&#8221; custom_padding=&#8221;10px|10px|10px|10px|true|true&#8221; border_color_all=&#8221;#0C71C3&#8243; global_colors_info=&#8221;{}&#8221;]<\/p>\n<h4 style=\"text-align: center;\"><strong>DR. F\u00c1BIO ARICAWA MELO<br \/><\/strong><\/h4>\n<h5 style=\"text-align: center;\">Endocrinologista<\/h5>\n<p style=\"text-align: center;\"><strong>CRM 1823<\/strong><\/p>\n<p>[\/et_pb_text][\/et_pb_column][et_pb_column type=&#8221;1_3&#8243; _builder_version=&#8221;4.16&#8243; global_colors_info=&#8221;{}&#8221;][\/et_pb_column][et_pb_column type=&#8221;1_3&#8243; _builder_version=&#8221;4.16&#8243; global_colors_info=&#8221;{}&#8221;][et_pb_text _builder_version=&#8221;4.19.4&#8243; text_font=&#8221;Montserrat||||||||&#8221; text_font_size=&#8221;16px&#8221; text_line_height=&#8221;1.8em&#8221; custom_margin=&#8221;6px|6px|6px|6px|true|true&#8221; custom_padding=&#8221;10px|10px|10px|10px|true|true&#8221; border_color_all=&#8221;#0C71C3&#8243; global_colors_info=&#8221;{}&#8221;]<\/p>\n<h4 style=\"text-align: center;\"><strong>DR. MARCELO RUSSO<br \/><\/strong><\/h4>\n<h5 style=\"text-align: center;\">\u00a0Cardiologista especializado em arritmologia<\/h5>\n<p style=\"text-align: center;\"><strong>CRM 1868<\/strong><\/p>\n<p>[\/et_pb_text][\/et_pb_column][\/et_pb_row][et_pb_row column_structure=&#8221;1_3,1_3,1_3&#8243; _builder_version=&#8221;4.16&#8243; global_colors_info=&#8221;{}&#8221;][et_pb_column type=&#8221;1_3&#8243; _builder_version=&#8221;4.16&#8243; global_colors_info=&#8221;{}&#8221;][\/et_pb_column][et_pb_column type=&#8221;1_3&#8243; _builder_version=&#8221;4.16&#8243; global_colors_info=&#8221;{}&#8221;][et_pb_button button_url=&#8221;https:\/\/clinicadrximenes.com.br\/&#8221; button_text=&#8221;VOLTAR&#8221; button_alignment=&#8221;center&#8221; _builder_version=&#8221;4.16&#8243; custom_button=&#8221;on&#8221; button_text_size=&#8221;16px&#8221; global_colors_info=&#8221;{}&#8221;][\/et_pb_button][\/et_pb_column][et_pb_column type=&#8221;1_3&#8243; _builder_version=&#8221;4.16&#8243; global_colors_info=&#8221;{}&#8221;][\/et_pb_column][\/et_pb_row][\/et_pb_section]<\/p>\n","protected":false},"excerpt":{"rendered":"<p>Nossa Equipe &nbsp;\u2022 No per\u00edodo entre 1998 e 2009, assumimos o servi\u00e7o de Doppler Vascular, no Hospital S\u00e3o Lucas. \u2022 No ano de 2000, adquirimos o primeiro aparelho de ultrassom port\u00e1til de Sergipe e o quarto do Brasil, com o objetivo de prestar assist\u00eancia aos pacientes com dificuldade de mobilidade, oriundos da emerg\u00eancia e internados [&hellip;]<\/p>\n","protected":false},"author":1,"featured_media":0,"parent":0,"menu_order":0,"comment_status":"closed","ping_status":"closed","template":"","meta":{"_et_pb_use_builder":"on","_et_pb_old_content":"[et_pb_section fb_built=\"1\" admin_label=\"Hero Section\" _builder_version=\"4.16\" use_background_color_gradient=\"on\" background_color_gradient_direction=\"105deg\" background_color_gradient_stops=\"#1bb3eb 0%|#25efcb 100%\" background_color_gradient_start=\"#1bb3eb\" background_color_gradient_end=\"#25efcb\" custom_padding=\"60px|0px|0px|0px||\" global_colors_info=\"{}\"][et_pb_row _builder_version=\"4.16\" background_size=\"initial\" background_position=\"top_left\" background_repeat=\"repeat\" global_colors_info=\"{}\"][et_pb_column type=\"4_4\" _builder_version=\"4.16\" custom_padding=\"|||\" global_colors_info=\"{}\" custom_padding__hover=\"|||\"][et_pb_text _builder_version=\"4.19.4\" text_font=\"Montserrat||||||||\" text_text_color=\"rgba(255,255,255,0.8)\" text_font_size=\"18px\" text_line_height=\"1.8em\" header_font=\"Montserrat|600|||||||\" header_text_color=\"#ffffff\" header_font_size=\"48px\" header_line_height=\"1.4em\" header_3_font=\"Poppins|600|||||||\" header_3_font_size=\"36px\" header_3_line_height=\"1.4em\" background_layout=\"dark\" max_width=\"600px\" module_alignment=\"left\" custom_margin=\"|||\" hover_enabled=\"0\" locked=\"off\" global_colors_info=\"{}\" sticky_enabled=\"0\"]<h1>Nossa Hist\u00f3ria<\/h1>\r\n<p>\u00a0<\/p>[\/et_pb_text][\/et_pb_column][\/et_pb_row][\/et_pb_section][et_pb_section fb_built=\"1\" admin_label=\"About Us Section\" _builder_version=\"4.16\" custom_padding=\"34px|0px|110px|0px||\" global_colors_info=\"{}\"][et_pb_row _builder_version=\"4.16\" global_colors_info=\"{}\"][et_pb_column type=\"4_4\" _builder_version=\"4.16\" global_colors_info=\"{}\"][et_pb_text _builder_version=\"4.19.4\" text_font=\"Montserrat||||||||\" text_font_size=\"16px\" text_line_height=\"1.8em\" hover_enabled=\"0\" global_colors_info=\"{}\" sticky_enabled=\"0\"]<p>\u2022 No per\u00edodo entre 1998 e 2009, assumimos o servi\u00e7o de Doppler Vascular, no Hospital S\u00e3o Lucas.<\/p>\r\n<p>\u2022 No ano de 2000, adquirimos o primeiro aparelho de ultrassom port\u00e1til de Sergipe e o quarto do Brasil, com o objetivo de prestar assist\u00eancia aos pacientes com dificuldade de mobilidade, oriundos da emerg\u00eancia e internados no Hospital S\u00e3o Lucas.<\/p>\r\n<p>\u2022 Em 2010, aconteceu a transfer\u00eancia do servi\u00e7o , associado \u00e0 marca S\u00e3o Lucas e \u00e0 Cl\u00ednica Mente e C\u00e9rebro, de propriedade do Dr F\u00e1bio Leopoldino(neurologista ). Na \u00e9poca, a cl\u00ednica possu\u00eda apenas duas salas e uma recep\u00e7\u00e3o. <\/p>\r\n<p>\u2022 Em 2017, a cl\u00ednica conseguiu o primeiro conv\u00eanio - A Cassi - para relacionamento direto entre a cl\u00ednica , o paciente e a referida operadora. Ainda nesse mesmo ano, incorporamos o servi\u00e7o de ultrassom geral. <\/p>\r\n<p>\u2022 Em 2018, constru\u00edmos a terceira sala, onde ficou abrigado o servi\u00e7o de ultrassonografia geral, bem como a amplia\u00e7\u00e3o da recep\u00e7\u00e3o para melhor acomoda\u00e7\u00e3o dos pacientes.<\/p>\r\n<p>\u2022 Em 2019, finalizamos a negocia\u00e7\u00e3o para aquisi\u00e7\u00e3o da Cardiocl\u00ednica, incorporando novos exames da \u00e1rea- Ecocardiograma, ECG, MAPA, Holter, bem como de profissionais da \u00e1rea de Cardiologia.<\/p>\r\n<p>\u2022 Em 2023, fizemos nosso primeiro planejamento estrat\u00e9gico formal, com a inclus\u00e3o de metas de crescimento para o servi\u00e7o, gra\u00e7as ao reconhecimento da comunidade para com os servi\u00e7os prestados por toda a equipe da Cl\u00ednica Dr Roberto Ximenes. Iniciamos tamb\u00e9m, a prepara\u00e7\u00e3o para a certifica\u00e7\u00e3o da acredita\u00e7\u00e3o pela ONA, e assim, pretendemos continuar crescendo para atender \u00e0s necessidades da comunidade sergipana.<\/p>[\/et_pb_text][\/et_pb_column][\/et_pb_row][et_pb_row column_structure=\"1_3,1_3,1_3\" _builder_version=\"4.16\" global_colors_info=\"{}\"][et_pb_column type=\"1_3\" _builder_version=\"4.16\" global_colors_info=\"{}\"][\/et_pb_column][et_pb_column type=\"1_3\" _builder_version=\"4.16\" global_colors_info=\"{}\"][et_pb_button button_url=\"https:\/\/clinicadrximenes.com.br\/\" button_text=\"VOLTAR\" button_alignment=\"center\" _builder_version=\"4.16\" custom_button=\"on\" button_text_size=\"16px\" global_colors_info=\"{}\"][\/et_pb_button][\/et_pb_column][et_pb_column type=\"1_3\" _builder_version=\"4.16\" global_colors_info=\"{}\"][\/et_pb_column][\/et_pb_row][\/et_pb_section]","_et_gb_content_width":"","footnotes":""},"class_list":["post-102687","page","type-page","status-publish","hentry"],"_links":{"self":[{"href":"https:\/\/clinicadrximenes.com.br\/index.php\/wp-json\/wp\/v2\/pages\/102687","targetHints":{"allow":["GET"]}}],"collection":[{"href":"https:\/\/clinicadrximenes.com.br\/index.php\/wp-json\/wp\/v2\/pages"}],"about":[{"href":"https:\/\/clinicadrximenes.com.br\/index.php\/wp-json\/wp\/v2\/types\/page"}],"author":[{"embeddable":true,"href":"https:\/\/clinicadrximenes.com.br\/index.php\/wp-json\/wp\/v2\/users\/1"}],"replies":[{"embeddable":true,"href":"https:\/\/clinicadrximenes.com.br\/index.php\/wp-json\/wp\/v2\/comments?post=102687"}],"version-history":[{"count":14,"href":"https:\/\/clinicadrximenes.com.br\/index.php\/wp-json\/wp\/v2\/pages\/102687\/revisions"}],"predecessor-version":[{"id":102720,"href":"https:\/\/clinicadrximenes.com.br\/index.php\/wp-json\/wp\/v2\/pages\/102687\/revisions\/102720"}],"wp:attachment":[{"href":"https:\/\/clinicadrximenes.com.br\/index.php\/wp-json\/wp\/v2\/media?parent=102687"}],"curies":[{"name":"wp","href":"https:\/\/api.w.org\/{rel}","templated":true}]}}